{"id":20,"date":"2021-08-03T11:33:10","date_gmt":"2021-08-03T11:33:10","guid":{"rendered":"https:\/\/equipos-integrados.com\/?page_id=20"},"modified":"2025-06-11T16:06:15","modified_gmt":"2025-06-11T16:06:15","slug":"pricing","status":"publish","type":"page","link":"https:\/\/equipos-integrados.com\/?page_id=20","title":{"rendered":"Tecnolog\u00eda y Seguridad Electr\u00f3nica"},"content":{"rendered":"<h1>03: Tecnolog\u00eda y<br \/>\nSeguridad Electr\u00f3nica<\/h1>\n<div>Ofrecemos soluciones integrales en tecnolog\u00eda y seguridad electr\u00f3nica, incorporando innovaci\u00f3n en videovigilancia, control de acceso, se\u00f1alizaci\u00f3n digital, audio y multimedia. Dise\u00f1amos entornos inteligentes que optimizan la comunicaci\u00f3n, la seguridad y la eficiencia operativa de las empresas.<\/div>\n<ul>\n<li>\n<p>        <img decoding=\"async\" src=\"\/wp-content\/uploads\/2025\/05\/Frame-99.png\" alt=\"CCTV\"><\/p>\n<h3>CCTV<\/h3>\n<div>\n<p style=\"text-align: center;\">Dise\u00f1amos soluciones de videovigilancia inteligente que integran anal\u00edtica avanzada, visi\u00f3n remota y seguridad proactiva, garantizando protecci\u00f3n total para cualquier entorno.<\/p>\n<\/div>\n<\/li>\n<li>\n<p>        <img decoding=\"async\" src=\"\/wp-content\/uploads\/2025\/05\/Frame-101.png\" alt=\"Control de acceso\"><\/p>\n<h3>Control de acceso<\/h3>\n<div>\n<p style=\"text-align: center;\">Implementamos sistemas de acceso seguros e inteligentes con autenticaci\u00f3n biom\u00e9trica, RFID y control centralizado, optimizando la gesti\u00f3n y la seguridad de los espacios.<\/p>\n<\/div>\n<\/li>\n<li>\n<p>        <img decoding=\"async\" src=\"\/wp-content\/uploads\/2025\/05\/Frame-102.png\" alt=\"\"><\/p>\n<h3>Intrusi\u00f3n<\/h3>\n<div>\n<p style=\"text-align: center;\">Desarrollamos soluciones de detecci\u00f3n de intrusi\u00f3n con sensores de alta precisi\u00f3n, monitoreo en tiempo real y automatizaci\u00f3n para una respuesta inmediata ante cualquier amenaza.<\/p>\n<\/div>\n<\/li>\n<li>\n<p>        <img decoding=\"async\" src=\"\/wp-content\/uploads\/2025\/05\/Frame-108.png\" alt=\"Detenci\u00f3n de incendios y\nsupresi\u00f3n\"><\/p>\n<h3>Detenci\u00f3n de incendios y  supresi\u00f3n<\/h3>\n<div>\n<p style=\"text-align: center;\">Ofrecemos sistemas avanzados de detecci\u00f3n y supresi\u00f3n de incendios con tecnolog\u00eda de reacci\u00f3n temprana para minimizar riesgos y proteger infraestructuras cr\u00edticas.<\/p>\n<\/div>\n<\/li>\n<li>\n<p>        <img decoding=\"async\" src=\"\/wp-content\/uploads\/2025\/05\/Frame-105.png\" alt=\"Digital signage\"><\/p>\n<h3>Digital signage<\/h3>\n<div>\n<p style=\"text-align: center;\">Transformamos la comunicaci\u00f3n visual con pantallas interactivas y contenido din\u00e1mico, optimizando la experiencia del usuario y la presencia digital de las empresas.<\/p>\n<\/div>\n<\/li>\n<li>\n<p>        <img decoding=\"async\" src=\"\/wp-content\/uploads\/2025\/05\/Frame-104.png\" alt=\"\"><\/p>\n<h3>Multimedia y audio<\/h3>\n<div>\n<p style=\"text-align: center;\">Creamos entornos audiovisuales innovadores con tecnolog\u00eda de \u00faltima generaci\u00f3n para conferencias, espacios colaborativos y experiencias inmersivas de alto impacto.<\/p>\n<\/div>\n<\/li>\n<\/ul>\n<p><!--more--><br \/>\n<!-- {\"type\":\"layout\",\"children\":[{\"type\":\"section\",\"props\":{\"animation\":\"slide-bottom-small\",\"header_transparent_noplaceholder\":false,\"image\":\"wp-content\\\/uploads\\\/2025\\\/05\\\/Tecnologia-y.png\",\"image_position\":\"top-left\",\"image_size\":\"cover\",\"media_overlay\":\"rgba(0, 0, 0, 0.51)\",\"padding\":\"xlarge\",\"padding_remove_bottom\":true,\"style\":\"default\",\"title_breakpoint\":\"xl\",\"title_position\":\"top-left\",\"title_rotation\":\"left\",\"vertical_align\":\"\",\"width\":\"small\"},\"children\":[{\"type\":\"row\",\"children\":[{\"type\":\"column\",\"props\":{\"image_position\":\"center-center\",\"position_sticky_breakpoint\":\"m\"}}]},{\"type\":\"row\",\"children\":[{\"type\":\"column\",\"props\":{\"image_position\":\"center-center\",\"position_sticky_breakpoint\":\"m\"}}]},{\"type\":\"row\",\"props\":{\"layout\":\"1-2,1-2\"},\"children\":[{\"type\":\"column\",\"props\":{\"image_position\":\"center-center\",\"position_sticky_breakpoint\":\"m\",\"width_medium\":\"1-2\"},\"children\":[{\"type\":\"headline\",\"props\":{\"content\":\"03: Tecnolog\\u00eda y\\nSeguridad Electr\\u00f3nica\",\"title_color\":\"danger\",\"title_element\":\"h1\",\"title_style\":\"heading-small\"}}]},{\"type\":\"column\",\"props\":{\"image_position\":\"center-center\",\"position_sticky_breakpoint\":\"m\",\"vertical_align\":\"middle\",\"width_medium\":\"1-2\"},\"children\":[{\"type\":\"text\",\"props\":{\"column_breakpoint\":\"m\",\"content\":\"Ofrecemos soluciones integrales en tecnolog\\u00eda y seguridad electr\\u00f3nica, incorporando innovaci\\u00f3n en videovigilancia, control de acceso, se\\u00f1alizaci\\u00f3n digital, audio y multimedia. Dise\\u00f1amos entornos inteligentes que optimizan la comunicaci\\u00f3n, la seguridad y la eficiencia operativa de las empresas.\",\"margin\":\"default\",\"text_align\":\"justify\",\"text_color\":\"danger\"}}]}]},{\"type\":\"row\",\"children\":[{\"type\":\"column\",\"props\":{\"image_position\":\"center-center\",\"position_sticky_breakpoint\":\"m\"}}]}],\"name\":\"Hero\",\"modified\":\"2021-08-06T11:26:41.846Z\"},{\"name\":\"Team\",\"type\":\"section\",\"props\":{\"id\":\"team\",\"image_position\":\"center-center\",\"image_size\":\"cover\",\"media_overlay\":\"#D4EBCF\",\"padding\":\"small\",\"padding_remove_bottom\":false,\"padding_remove_top\":false,\"style\":\"default\",\"title_breakpoint\":\"xl\",\"title_position\":\"top-left\",\"title_rotation\":\"left\",\"vertical_align\":\"\",\"width\":\"small\"},\"children\":[{\"type\":\"row\",\"children\":[{\"type\":\"column\",\"props\":{\"image_position\":\"center-center\",\"position_sticky_breakpoint\":\"m\",\"width_medium\":\"1-1\"},\"children\":[{\"type\":\"grid\",\"props\":{\"content_column_breakpoint\":\"m\",\"content_style\":\"h6\",\"filter_align\":\"left\",\"filter_all\":true,\"filter_grid_breakpoint\":\"m\",\"filter_grid_width\":\"auto\",\"filter_position\":\"top\",\"filter_style\":\"tab\",\"grid_default\":\"1\",\"grid_large\":\"3\",\"grid_medium\":\"2\",\"grid_small\":\"1\",\"grid_xlarge\":\"3\",\"icon_width\":80,\"image_align\":\"top\",\"image_grid_breakpoint\":\"m\",\"image_grid_width\":\"1-2\",\"image_height\":75,\"image_svg_color\":\"emphasis\",\"image_width\":75,\"item_animation\":true,\"lightbox_bg_close\":true,\"link_style\":\"default\",\"link_text\":\"\",\"margin\":\"default\",\"meta_align\":\"below-title\",\"meta_element\":\"div\",\"meta_style\":\"text-meta\",\"panel_padding\":\"small\",\"panel_style\":\"card-primary\",\"show_content\":true,\"show_hover_image\":true,\"show_hover_video\":true,\"show_image\":true,\"show_link\":true,\"show_meta\":true,\"show_title\":true,\"show_video\":true,\"text_align\":\"center\",\"title_align\":\"top\",\"title_element\":\"h3\",\"title_grid_breakpoint\":\"m\",\"title_grid_width\":\"1-2\",\"title_hover_style\":\"reset\"},\"children\":[{\"type\":\"grid_item\",\"props\":{\"content\":\"\n\n<p style=\\\"text-align: center;\\\">Dise\\u00f1amos soluciones de videovigilancia inteligente que integran anal\\u00edtica avanzada, visi\\u00f3n remota y seguridad proactiva, garantizando protecci\\u00f3n total para cualquier entorno.<\\\/p>\",\"image\":\"wp-content\\\/uploads\\\/2025\\\/05\\\/Frame-99.png\",\"image_alt\":\"CCTV\",\"title\":\"CCTV\"}},{\"type\":\"grid_item\",\"props\":{\"content\":\"\n\n<p style=\\\"text-align: center;\\\">Implementamos sistemas de acceso seguros e inteligentes con autenticaci\\u00f3n biom\\u00e9trica, RFID y control centralizado, optimizando la gesti\\u00f3n y la seguridad de los espacios.<\\\/p>\",\"image\":\"wp-content\\\/uploads\\\/2025\\\/05\\\/Frame-101.png\",\"image_alt\":\"Control de acceso\",\"title\":\"Control de acceso\"}},{\"type\":\"grid_item\",\"props\":{\"content\":\"\n\n<p style=\\\"text-align: center;\\\">Desarrollamos soluciones de detecci\\u00f3n de intrusi\\u00f3n con sensores de alta precisi\\u00f3n, monitoreo en tiempo real y automatizaci\\u00f3n para una respuesta inmediata ante cualquier amenaza.<\\\/p>\",\"image\":\"wp-content\\\/uploads\\\/2025\\\/05\\\/Frame-102.png\",\"title\":\"Intrusi\\u00f3n\"}},{\"type\":\"grid_item\",\"props\":{\"content\":\"\n\n<p style=\\\"text-align: center;\\\">Ofrecemos sistemas avanzados de detecci\\u00f3n y supresi\\u00f3n de incendios con tecnolog\\u00eda de reacci\\u00f3n temprana para minimizar riesgos y proteger infraestructuras cr\\u00edticas.<\\\/p>\",\"image\":\"wp-content\\\/uploads\\\/2025\\\/05\\\/Frame-108.png\",\"image_alt\":\"Detenci\\u00f3n de incendios y\\nsupresi\\u00f3n\",\"title\":\"Detenci\\u00f3n de incendios y  supresi\\u00f3n\"}},{\"type\":\"grid_item\",\"props\":{\"content\":\"\n\n<p style=\\\"text-align: center;\\\">Transformamos la comunicaci\\u00f3n visual con pantallas interactivas y contenido din\\u00e1mico, optimizando la experiencia del usuario y la presencia digital de las empresas.<\\\/p>\",\"image\":\"wp-content\\\/uploads\\\/2025\\\/05\\\/Frame-105.png\",\"image_alt\":\"Digital signage\",\"title\":\"Digital signage\"}},{\"type\":\"grid_item\",\"props\":{\"content\":\"\n\n<p style=\\\"text-align: center;\\\">Creamos entornos audiovisuales innovadores con tecnolog\\u00eda de \\u00faltima generaci\\u00f3n para conferencias, espacios colaborativos y experiencias inmersivas de alto impacto.<\\\/p>\",\"image\":\"wp-content\\\/uploads\\\/2025\\\/05\\\/Frame-104.png\",\"title\":\"Multimedia y audio\"}}]}]}]}]}],\"version\":\"4.5.15\"} --><\/p>\n","protected":false},"excerpt":{"rendered":"<p>03: Tecnolog\u00eda y Seguridad Electr\u00f3nica Ofrecemos soluciones integrales en tecnolog\u00eda y seguridad electr\u00f3nica, incorporando innovaci\u00f3n en videovigilancia, control de acceso, se\u00f1alizaci\u00f3n digital, audio y multimedia. Dise\u00f1amos entornos inteligentes que optimizan la comunicaci\u00f3n, la seguridad y la eficiencia operativa de las empresas. CCTV Dise\u00f1amos soluciones de videovigilancia inteligente que integran anal\u00edtica avanzada, visi\u00f3n remota y seguridad [&hellip;]<\/p>\n","protected":false},"author":1,"featured_media":0,"parent":0,"menu_order":9,"comment_status":"closed","ping_status":"closed","template":"","meta":{"_acf_changed":false,"footnotes":""},"class_list":["post-20","page","type-page","status-publish","hentry"],"acf":[],"_links":{"self":[{"href":"https:\/\/equipos-integrados.com\/index.php?rest_route=\/wp\/v2\/pages\/20","targetHints":{"allow":["GET"]}}],"collection":[{"href":"https:\/\/equipos-integrados.com\/index.php?rest_route=\/wp\/v2\/pages"}],"about":[{"href":"https:\/\/equipos-integrados.com\/index.php?rest_route=\/wp\/v2\/types\/page"}],"author":[{"embeddable":true,"href":"https:\/\/equipos-integrados.com\/index.php?rest_route=\/wp\/v2\/users\/1"}],"replies":[{"embeddable":true,"href":"https:\/\/equipos-integrados.com\/index.php?rest_route=%2Fwp%2Fv2%2Fcomments&post=20"}],"version-history":[{"count":30,"href":"https:\/\/equipos-integrados.com\/index.php?rest_route=\/wp\/v2\/pages\/20\/revisions"}],"predecessor-version":[{"id":3044,"href":"https:\/\/equipos-integrados.com\/index.php?rest_route=\/wp\/v2\/pages\/20\/revisions\/3044"}],"wp:attachment":[{"href":"https:\/\/equipos-integrados.com\/index.php?rest_route=%2Fwp%2Fv2%2Fmedia&parent=20"}],"curies":[{"name":"wp","href":"https:\/\/api.w.org\/{rel}","templated":true}]}}