{"id":26,"date":"2021-08-23T12:46:59","date_gmt":"2021-08-23T12:46:59","guid":{"rendered":"https:\/\/equipos-integrados.com\/?page_id=26"},"modified":"2025-06-11T16:03:40","modified_gmt":"2025-06-11T16:03:40","slug":"downloads","status":"publish","type":"page","link":"https:\/\/equipos-integrados.com\/?page_id=26","title":{"rendered":"Centro de datos"},"content":{"rendered":"<h1>01: Centro de Datos<\/h1>\n<div>Dise\u00f1amos e implementamos infraestructuras de Data Center robustas, seguras y escalables, garantizando continuidad operativa y alto rendimiento. Con tecnolog\u00eda de vanguardia y est\u00e1ndares internacionales, optimizamos la eficiencia energ\u00e9tica, la redundancia y la seguridad para que las empresas operen sin interrupciones en un entorno digital en constante evoluci\u00f3n.<\/div>\n<ul>\n<li>\n<p>        <img decoding=\"async\" src=\"\/wp-content\/uploads\/2025\/05\/Frame-90.png\" alt=\"Consultor\u00eda y Dise\u00f1o\"><\/p>\n<h3>Consultor\u00eda y Dise\u00f1o<\/h3>\n<div>\n<p style=\"text-align: center;\">Planificaci\u00f3n de centros de datos seg\u00fan est\u00e1ndares internacionales.<\/p>\n<\/div>\n<\/li>\n<li>\n<p>        <img decoding=\"async\" src=\"\/wp-content\/uploads\/2025\/05\/Frame-89.png\" alt=\"Construcci\u00f3n\"><\/p>\n<h3>Construcci\u00f3n<\/h3>\n<div>\n<p style=\"text-align: center;\">Implementaci\u00f3n de infraestructura tecnol\u00f3gica con altos est\u00e1ndares de calidad.<\/p>\n<\/div>\n<\/li>\n<li>\n<p>        <img decoding=\"async\" src=\"\/wp-content\/uploads\/2025\/05\/Frame-92.png\" alt=\"Datacenter Facilities \"><\/p>\n<h3>Datacenter Facilities <\/h3>\n<div>\n<p style=\"text-align: center;\">Soluciones integrales para centros de datos, operando con m\u00e1xima eficiencia.<\/p>\n<\/div>\n<\/li>\n<li>\n<p>        <img decoding=\"async\" src=\"\/wp-content\/uploads\/2025\/05\/Frame-93-1.png\" alt=\"Soporte y administraci\u00f3n\"><\/p>\n<p><img decoding=\"async\" src=\"\/wp-content\/uploads\/2025\/05\/Frame-93-1.png\" alt><\/p>\n<h3>Soporte y administraci\u00f3n<\/h3>\n<div>\n<p style=\"text-align: center;\">Monitoreo 24\/7 para asegurar disponibilidad continua.<\/p>\n<\/div>\n<\/li>\n<li>\n<p>        <img decoding=\"async\" src=\"\/wp-content\/uploads\/2025\/05\/Frame-91.png\" alt=\"Datacenter en contenedor\"><\/p>\n<h3>Datacenter en contenedor<\/h3>\n<div>\n<p style=\"text-align: center;\">Soluciones m\u00f3viles y flexibles para cualquier ubicaci\u00f3n.<\/p>\n<\/div>\n<\/li>\n<li>\n<p>        <img decoding=\"async\" src=\"\/wp-content\/uploads\/2025\/05\/Frame-95.png\" alt=\"Autocontenidos\"><\/p>\n<h3>Autocontenidos<\/h3>\n<div>\n<p style=\"text-align: center;\">Centros modulares de r\u00e1pida implementaci\u00f3n.<\/p>\n<\/div>\n<\/li>\n<li>\n<p>        <img decoding=\"async\" src=\"\/wp-content\/uploads\/2025\/05\/Frame-98.png\" alt=\"Almacenamiento de energ\u00eda\"><\/p>\n<h3>Almacenamiento de energ\u00eda<\/h3>\n<div>\n<p style=\"text-align: center;\">Sistemas para garantizar continuidad ante fallos el\u00e9ctricos.<\/p>\n<\/div>\n<\/li>\n<\/ul>\n<p><!--more--><br \/>\n<!-- {\"type\":\"layout\",\"children\":[{\"type\":\"section\",\"props\":{\"animation\":\"slide-bottom-small\",\"header_transparent_noplaceholder\":false,\"image\":\"wp-content\\\/uploads\\\/2025\\\/05\\\/Centro-de-datos-1.png\",\"image_position\":\"top-left\",\"image_size\":\"cover\",\"media_overlay\":\"rgba(0, 0, 0, 0.51)\",\"padding\":\"xlarge\",\"padding_remove_bottom\":true,\"style\":\"default\",\"title_breakpoint\":\"xl\",\"title_position\":\"top-left\",\"title_rotation\":\"left\",\"vertical_align\":\"\",\"width\":\"small\"},\"children\":[{\"type\":\"row\",\"children\":[{\"type\":\"column\",\"props\":{\"image_position\":\"center-center\",\"position_sticky_breakpoint\":\"m\"}}]},{\"type\":\"row\",\"children\":[{\"type\":\"column\",\"props\":{\"image_position\":\"center-center\",\"position_sticky_breakpoint\":\"m\"}}]},{\"type\":\"row\",\"props\":{\"layout\":\"1-2,1-2\",\"width\":\"small\"},\"children\":[{\"type\":\"column\",\"props\":{\"image_position\":\"center-center\",\"position_sticky_breakpoint\":\"m\",\"width_medium\":\"1-2\"},\"children\":[{\"type\":\"headline\",\"props\":{\"content\":\"01: Centro de Datos\",\"title_color\":\"danger\",\"title_element\":\"h1\",\"title_style\":\"heading-small\"}}]},{\"type\":\"column\",\"props\":{\"image_position\":\"center-center\",\"position_sticky_breakpoint\":\"m\",\"width_medium\":\"1-2\"},\"children\":[{\"type\":\"text\",\"props\":{\"column_breakpoint\":\"m\",\"content\":\"Dise\\u00f1amos e implementamos infraestructuras de Data Center robustas, seguras y escalables, garantizando continuidad operativa y alto rendimiento. Con tecnolog\\u00eda de vanguardia y est\\u00e1ndares internacionales, optimizamos la eficiencia energ\\u00e9tica, la redundancia y la seguridad para que las empresas operen sin interrupciones en un entorno digital en constante evoluci\\u00f3n.\",\"margin\":\"default\",\"text_align\":\"justify\",\"text_color\":\"danger\"}}]}]},{\"type\":\"row\",\"children\":[{\"type\":\"column\",\"props\":{\"image_position\":\"center-center\",\"position_sticky_breakpoint\":\"m\"}}]}],\"name\":\"Hero\",\"modified\":\"2021-08-06T11:26:41.846Z\"},{\"name\":\"Team\",\"type\":\"section\",\"props\":{\"id\":\"team\",\"image_position\":\"center-center\",\"image_size\":\"cover\",\"media_overlay\":\"#D4EBCF\",\"padding\":\"small\",\"padding_remove_bottom\":false,\"padding_remove_top\":false,\"style\":\"default\",\"title_breakpoint\":\"xl\",\"title_position\":\"top-left\",\"title_rotation\":\"left\",\"vertical_align\":\"\",\"width\":\"small\"},\"children\":[{\"type\":\"row\",\"children\":[{\"type\":\"column\",\"props\":{\"image_position\":\"center-center\",\"position_sticky_breakpoint\":\"m\",\"width_medium\":\"1-1\"},\"children\":[{\"type\":\"grid\",\"props\":{\"content_column_breakpoint\":\"m\",\"content_style\":\"h5\",\"filter_align\":\"left\",\"filter_all\":true,\"filter_grid_breakpoint\":\"m\",\"filter_grid_width\":\"auto\",\"filter_position\":\"top\",\"filter_style\":\"tab\",\"grid_column_align\":true,\"grid_default\":\"1\",\"grid_large\":\"3\",\"grid_medium\":\"2\",\"grid_row_align\":false,\"grid_small\":\"1\",\"grid_xlarge\":\"3\",\"icon_width\":80,\"image_align\":\"top\",\"image_grid_breakpoint\":\"m\",\"image_grid_width\":\"1-2\",\"image_height\":75,\"image_svg_color\":\"emphasis\",\"image_width\":75,\"item_animation\":true,\"lightbox_bg_close\":true,\"link_style\":\"default\",\"link_text\":\"\",\"margin\":\"default\",\"meta_align\":\"below-title\",\"meta_element\":\"div\",\"meta_style\":\"h4\",\"panel_padding\":\"small\",\"panel_style\":\"card-primary\",\"show_content\":true,\"show_hover_image\":true,\"show_hover_video\":true,\"show_image\":true,\"show_link\":true,\"show_meta\":true,\"show_title\":true,\"show_video\":true,\"text_align\":\"center\",\"title_align\":\"top\",\"title_element\":\"h3\",\"title_grid_breakpoint\":\"m\",\"title_grid_width\":\"1-2\",\"title_hover_style\":\"reset\"},\"children\":[{\"type\":\"grid_item\",\"props\":{\"content\":\"\n\n<p style=\\\"text-align: center;\\\">Planificaci\\u00f3n de centros de datos seg\\u00fan est\\u00e1ndares internacionales.<\\\/p>\",\"image\":\"wp-content\\\/uploads\\\/2025\\\/05\\\/Frame-90.png\",\"image_alt\":\"Consultor\\u00eda y Dise\\u00f1o\",\"title\":\"Consultor\\u00eda y Dise\\u00f1o\"}},{\"type\":\"grid_item\",\"props\":{\"content\":\"\n\n<p style=\\\"text-align: center;\\\">Implementaci\\u00f3n de infraestructura tecnol\\u00f3gica con altos est\\u00e1ndares de calidad.<\\\/p>\",\"image\":\"wp-content\\\/uploads\\\/2025\\\/05\\\/Frame-89.png\",\"image_alt\":\"Construcci\\u00f3n\",\"title\":\"Construcci\\u00f3n\"}},{\"type\":\"grid_item\",\"props\":{\"content\":\"\n\n<p style=\\\"text-align: center;\\\">Soluciones integrales para centros de datos, operando con m\\u00e1xima eficiencia.<\\\/p>\",\"image\":\"wp-content\\\/uploads\\\/2025\\\/05\\\/Frame-92.png\",\"image_alt\":\"Datacenter Facilities \",\"title\":\"Datacenter Facilities \"}},{\"type\":\"grid_item\",\"props\":{\"content\":\"\n\n<p style=\\\"text-align: center;\\\">Monitoreo 24\\\/7 para asegurar disponibilidad continua.<\\\/p>\",\"hover_image\":\"wp-content\\\/uploads\\\/2025\\\/05\\\/Frame-93-1.png\",\"image\":\"wp-content\\\/uploads\\\/2025\\\/05\\\/Frame-93-1.png\",\"image_alt\":\"Soporte y administraci\\u00f3n\",\"title\":\"Soporte y administraci\\u00f3n\"}},{\"type\":\"grid_item\",\"props\":{\"content\":\"\n\n<p style=\\\"text-align: center;\\\">Soluciones m\\u00f3viles y flexibles para cualquier ubicaci\\u00f3n.<\\\/p>\",\"image\":\"wp-content\\\/uploads\\\/2025\\\/05\\\/Frame-91.png\",\"image_alt\":\"Datacenter en contenedor\",\"title\":\"Datacenter en contenedor\"}},{\"type\":\"grid_item\",\"props\":{\"content\":\"\n\n<p style=\\\"text-align: center;\\\">Centros modulares de r\\u00e1pida implementaci\\u00f3n.<\\\/p>\",\"image\":\"wp-content\\\/uploads\\\/2025\\\/05\\\/Frame-95.png\",\"image_alt\":\"Autocontenidos\",\"title\":\"Autocontenidos\"}},{\"type\":\"grid_item\",\"props\":{\"content\":\"\n\n<p style=\\\"text-align: center;\\\">Sistemas para garantizar continuidad ante fallos el\\u00e9ctricos.<\\\/p>\",\"image\":\"wp-content\\\/uploads\\\/2025\\\/05\\\/Frame-98.png\",\"image_alt\":\"Almacenamiento de energ\\u00eda\",\"title\":\"Almacenamiento de energ\\u00eda\"}}]}]}]}]}],\"version\":\"4.5.15\"} --><\/p>\n","protected":false},"excerpt":{"rendered":"<p>01: Centro de Datos Dise\u00f1amos e implementamos infraestructuras de Data Center robustas, seguras y escalables, garantizando continuidad operativa y alto rendimiento. Con tecnolog\u00eda de vanguardia y est\u00e1ndares internacionales, optimizamos la eficiencia energ\u00e9tica, la redundancia y la seguridad para que las empresas operen sin interrupciones en un entorno digital en constante evoluci\u00f3n. Consultor\u00eda y Dise\u00f1o Planificaci\u00f3n [&hellip;]<\/p>\n","protected":false},"author":1,"featured_media":0,"parent":0,"menu_order":3,"comment_status":"closed","ping_status":"closed","template":"","meta":{"_acf_changed":false,"footnotes":""},"class_list":["post-26","page","type-page","status-publish","hentry"],"acf":[],"_links":{"self":[{"href":"https:\/\/equipos-integrados.com\/index.php?rest_route=\/wp\/v2\/pages\/26","targetHints":{"allow":["GET"]}}],"collection":[{"href":"https:\/\/equipos-integrados.com\/index.php?rest_route=\/wp\/v2\/pages"}],"about":[{"href":"https:\/\/equipos-integrados.com\/index.php?rest_route=\/wp\/v2\/types\/page"}],"author":[{"embeddable":true,"href":"https:\/\/equipos-integrados.com\/index.php?rest_route=\/wp\/v2\/users\/1"}],"replies":[{"embeddable":true,"href":"https:\/\/equipos-integrados.com\/index.php?rest_route=%2Fwp%2Fv2%2Fcomments&post=26"}],"version-history":[{"count":42,"href":"https:\/\/equipos-integrados.com\/index.php?rest_route=\/wp\/v2\/pages\/26\/revisions"}],"predecessor-version":[{"id":3038,"href":"https:\/\/equipos-integrados.com\/index.php?rest_route=\/wp\/v2\/pages\/26\/revisions\/3038"}],"wp:attachment":[{"href":"https:\/\/equipos-integrados.com\/index.php?rest_route=%2Fwp%2Fv2%2Fmedia&parent=26"}],"curies":[{"name":"wp","href":"https:\/\/api.w.org\/{rel}","templated":true}]}}