{"id":29,"date":"2021-08-23T13:14:34","date_gmt":"2021-08-23T13:14:34","guid":{"rendered":"https:\/\/equipos-integrados.com\/?page_id=29"},"modified":"2025-06-11T16:03:17","modified_gmt":"2025-06-11T16:03:17","slug":"job-description","status":"publish","type":"page","link":"https:\/\/equipos-integrados.com\/?page_id=29","title":{"rendered":"Servicios de IT e ingenieria"},"content":{"rendered":"<h1>02: Servicios de IT e Ingenieria<\/h1>\n<div>Impulsamos la transformaci\u00f3n digital con soluciones de IT e ingenier\u00eda dise\u00f1adas para optimizar infraestructura, conectividad y seguridad. Desde consultor\u00eda y dise\u00f1o hasta implementaci\u00f3n y soporte, brindamos tecnolog\u00eda de vanguardia para que las empresas operen con eficiencia, confiabilidad y escalabilidad en un mundo cada vez m\u00e1s digital.<\/div>\n<ul>\n<li>\n<p>        <img decoding=\"async\" src=\"\/wp-content\/uploads\/2025\/05\/Frame-94.png\" alt=\"\"><\/p>\n<h3>Soporte<\/h3>\n<div>\n<p style=\"text-align: center;\">Asistencia t\u00e9cnica para resolver problemas y mantener sistemas operando<\/p>\n<\/div>\n<\/li>\n<li>\n<p>        <img decoding=\"async\" src=\"\/wp-content\/uploads\/2025\/05\/Frame-96.png\" alt=\"\"><\/p>\n<h3>Mantenimiento<\/h3>\n<div>\n<p style=\"text-align: center;\">Servicios para asegurar el correcto funcionamiento y prolongar la vida \u00fatil de la infraestructura<\/p>\n<\/div>\n<\/li>\n<li>\n<p>        <img decoding=\"async\" src=\"\/wp-content\/uploads\/2025\/05\/Frame-97.png\" alt=\"\"><\/p>\n<h3>Instalaciones<\/h3>\n<div>\n<p style=\"text-align: center;\">Implementaci\u00f3n y configuraci\u00f3n de hardware y software en el cliente<\/p>\n<\/div>\n<\/li>\n<li>\n<p>        <img decoding=\"async\" src=\"\/wp-content\/uploads\/2025\/05\/Frame-103.png\" alt=\"\"><\/p>\n<h3>Monitoreo de redes<\/h3>\n<div>\n<p style=\"text-align: center;\">Supervisi\u00f3n continua para mantener la operaci\u00f3n saludable<\/p>\n<\/div>\n<\/li>\n<li>\n<p>        <img decoding=\"async\" src=\"\/wp-content\/uploads\/2025\/05\/Frame-100.png\" alt=\"\"><\/p>\n<h3>Consultoria de TI<\/h3>\n<div>\n<p style=\"text-align: center;\">Asesor\u00eda para optimizar estrategias tecnol\u00f3gicas y alinear TI con objetivos de negocio<\/p>\n<\/div>\n<\/li>\n<li>\n<p>        <img decoding=\"async\" src=\"\/wp-content\/uploads\/2025\/05\/Frame-93.png\" alt=\"\"><\/p>\n<h3>Mesa de ayuda<\/h3>\n<div>\n<p style=\"text-align: center;\">Asistencia centralizada para resolver problemas t\u00e9cnicos de usuarios<\/p>\n<\/div>\n<\/li>\n<\/ul>\n<p><!--more--><br \/>\n<!-- {\"type\":\"layout\",\"children\":[{\"type\":\"section\",\"props\":{\"animation\":\"slide-bottom-small\",\"header_transparent_noplaceholder\":false,\"image\":\"wp-content\\\/uploads\\\/2025\\\/05\\\/Servicio-de-iT-home.png\",\"image_position\":\"top-left\",\"image_size\":\"cover\",\"media_overlay\":\"rgba(0, 0, 0, 0.51)\",\"padding\":\"xlarge\",\"padding_remove_bottom\":true,\"style\":\"default\",\"title_breakpoint\":\"xl\",\"title_position\":\"top-left\",\"title_rotation\":\"left\",\"vertical_align\":\"\",\"width\":\"small\"},\"children\":[{\"type\":\"row\",\"children\":[{\"type\":\"column\",\"props\":{\"image_position\":\"center-center\",\"position_sticky_breakpoint\":\"m\"}}]},{\"type\":\"row\",\"children\":[{\"type\":\"column\",\"props\":{\"image_position\":\"center-center\",\"position_sticky_breakpoint\":\"m\"}}]},{\"type\":\"row\",\"props\":{\"layout\":\"1-2,1-2\"},\"children\":[{\"type\":\"column\",\"props\":{\"image_position\":\"center-center\",\"position_sticky_breakpoint\":\"m\",\"width_medium\":\"1-2\"},\"children\":[{\"type\":\"headline\",\"props\":{\"content\":\"02: Servicios de IT e Ingenieria\",\"title_color\":\"danger\",\"title_element\":\"h1\",\"title_style\":\"heading-small\"}}]},{\"type\":\"column\",\"props\":{\"image_position\":\"center-center\",\"position_sticky_breakpoint\":\"m\",\"width_medium\":\"1-2\"},\"children\":[{\"type\":\"text\",\"props\":{\"column_breakpoint\":\"m\",\"content\":\"Impulsamos la transformaci\\u00f3n digital con soluciones de IT e ingenier\\u00eda dise\\u00f1adas para optimizar infraestructura, conectividad y seguridad. Desde consultor\\u00eda y dise\\u00f1o hasta implementaci\\u00f3n y soporte, brindamos tecnolog\\u00eda de vanguardia para que las empresas operen con eficiencia, confiabilidad y escalabilidad en un mundo cada vez m\\u00e1s digital.\",\"margin\":\"default\",\"text_align\":\"justify\",\"text_color\":\"danger\"}}]}]},{\"type\":\"row\",\"children\":[{\"type\":\"column\",\"props\":{\"image_position\":\"center-center\",\"position_sticky_breakpoint\":\"m\"}}]}],\"name\":\"Hero\",\"modified\":\"2021-08-06T11:26:41.846Z\"},{\"name\":\"Team\",\"type\":\"section\",\"props\":{\"id\":\"team\",\"image_position\":\"center-center\",\"image_size\":\"cover\",\"media_overlay\":\"#D4EBCF\",\"padding\":\"xsmall\",\"padding_remove_bottom\":false,\"padding_remove_top\":false,\"style\":\"default\",\"title_breakpoint\":\"xl\",\"title_position\":\"top-left\",\"title_rotation\":\"left\",\"vertical_align\":\"\",\"width\":\"small\"},\"children\":[{\"type\":\"row\",\"children\":[{\"type\":\"column\",\"props\":{\"image_position\":\"center-center\",\"position_sticky_breakpoint\":\"m\",\"width_medium\":\"1-1\"},\"children\":[{\"type\":\"grid\",\"props\":{\"content_column_breakpoint\":\"m\",\"content_style\":\"h6\",\"filter_align\":\"left\",\"filter_all\":true,\"filter_grid_breakpoint\":\"m\",\"filter_grid_width\":\"auto\",\"filter_position\":\"top\",\"filter_style\":\"tab\",\"grid_default\":\"1\",\"grid_large\":\"3\",\"grid_medium\":\"2\",\"grid_small\":\"1\",\"grid_xlarge\":\"3\",\"icon_width\":80,\"image_align\":\"top\",\"image_grid_breakpoint\":\"m\",\"image_grid_width\":\"1-2\",\"image_height\":75,\"image_svg_color\":\"emphasis\",\"image_width\":75,\"item_animation\":true,\"lightbox_bg_close\":true,\"link_style\":\"default\",\"link_text\":\"\",\"margin\":\"default\",\"meta_align\":\"below-title\",\"meta_element\":\"div\",\"meta_style\":\"text-meta\",\"panel_padding\":\"small\",\"panel_style\":\"card-primary\",\"show_content\":true,\"show_hover_image\":true,\"show_hover_video\":true,\"show_image\":true,\"show_link\":true,\"show_meta\":true,\"show_title\":true,\"show_video\":true,\"text_align\":\"center\",\"title_align\":\"top\",\"title_element\":\"h3\",\"title_grid_breakpoint\":\"m\",\"title_grid_width\":\"1-2\",\"title_hover_style\":\"reset\"},\"children\":[{\"type\":\"grid_item\",\"props\":{\"content\":\"\n\n<p style=\\\"text-align: center;\\\">Asistencia t\\u00e9cnica para resolver problemas y mantener sistemas operando<\\\/p>\",\"image\":\"wp-content\\\/uploads\\\/2025\\\/05\\\/Frame-94.png\",\"title\":\"Soporte\"}},{\"type\":\"grid_item\",\"props\":{\"content\":\"\n\n<p style=\\\"text-align: center;\\\">Servicios para asegurar el correcto funcionamiento y prolongar la vida \\u00fatil de la infraestructura<\\\/p>\",\"image\":\"wp-content\\\/uploads\\\/2025\\\/05\\\/Frame-96.png\",\"title\":\"Mantenimiento\"}},{\"type\":\"grid_item\",\"props\":{\"content\":\"\n\n<p style=\\\"text-align: center;\\\">Implementaci\\u00f3n y configuraci\\u00f3n de hardware y software en el cliente<\\\/p>\",\"image\":\"wp-content\\\/uploads\\\/2025\\\/05\\\/Frame-97.png\",\"title\":\"Instalaciones\"}},{\"type\":\"grid_item\",\"props\":{\"content\":\"\n\n<p style=\\\"text-align: center;\\\">Supervisi\\u00f3n continua para mantener la operaci\\u00f3n saludable<\\\/p>\",\"image\":\"wp-content\\\/uploads\\\/2025\\\/05\\\/Frame-103.png\",\"title\":\"Monitoreo de redes\"}},{\"type\":\"grid_item\",\"props\":{\"content\":\"\n\n<p style=\\\"text-align: center;\\\">Asesor\\u00eda para optimizar estrategias tecnol\\u00f3gicas y alinear TI con objetivos de negocio<\\\/p>\",\"image\":\"wp-content\\\/uploads\\\/2025\\\/05\\\/Frame-100.png\",\"title\":\"Consultoria de TI\"}},{\"type\":\"grid_item\",\"props\":{\"content\":\"\n\n<p style=\\\"text-align: center;\\\">Asistencia centralizada para resolver problemas t\\u00e9cnicos de usuarios<\\\/p>\",\"image\":\"wp-content\\\/uploads\\\/2025\\\/05\\\/Frame-93.png\",\"title\":\"Mesa de ayuda\"}}]}]}]}]}],\"version\":\"4.5.15\"} --><\/p>\n","protected":false},"excerpt":{"rendered":"<p>02: Servicios de IT e Ingenieria Impulsamos la transformaci\u00f3n digital con soluciones de IT e ingenier\u00eda dise\u00f1adas para optimizar infraestructura, conectividad y seguridad. Desde consultor\u00eda y dise\u00f1o hasta implementaci\u00f3n y soporte, brindamos tecnolog\u00eda de vanguardia para que las empresas operen con eficiencia, confiabilidad y escalabilidad en un mundo cada vez m\u00e1s digital. Soporte Asistencia t\u00e9cnica [&hellip;]<\/p>\n","protected":false},"author":1,"featured_media":0,"parent":0,"menu_order":0,"comment_status":"closed","ping_status":"closed","template":"","meta":{"_acf_changed":false,"footnotes":""},"class_list":["post-29","page","type-page","status-publish","hentry"],"acf":[],"_links":{"self":[{"href":"https:\/\/equipos-integrados.com\/index.php?rest_route=\/wp\/v2\/pages\/29","targetHints":{"allow":["GET"]}}],"collection":[{"href":"https:\/\/equipos-integrados.com\/index.php?rest_route=\/wp\/v2\/pages"}],"about":[{"href":"https:\/\/equipos-integrados.com\/index.php?rest_route=\/wp\/v2\/types\/page"}],"author":[{"embeddable":true,"href":"https:\/\/equipos-integrados.com\/index.php?rest_route=\/wp\/v2\/users\/1"}],"replies":[{"embeddable":true,"href":"https:\/\/equipos-integrados.com\/index.php?rest_route=%2Fwp%2Fv2%2Fcomments&post=29"}],"version-history":[{"count":78,"href":"https:\/\/equipos-integrados.com\/index.php?rest_route=\/wp\/v2\/pages\/29\/revisions"}],"predecessor-version":[{"id":3037,"href":"https:\/\/equipos-integrados.com\/index.php?rest_route=\/wp\/v2\/pages\/29\/revisions\/3037"}],"wp:attachment":[{"href":"https:\/\/equipos-integrados.com\/index.php?rest_route=%2Fwp%2Fv2%2Fmedia&parent=29"}],"curies":[{"name":"wp","href":"https:\/\/api.w.org\/{rel}","templated":true}]}}