{"id":3,"date":"2019-09-05T08:43:55","date_gmt":"2019-09-05T08:43:55","guid":{"rendered":"https:\/\/equipos-integrados.com\/?page_id=3"},"modified":"2025-06-11T16:09:01","modified_gmt":"2025-06-11T16:09:01","slug":"careers","status":"publish","type":"page","link":"https:\/\/equipos-integrados.com\/?page_id=3","title":{"rendered":"Infraestructura de redes y energ\u00eda"},"content":{"rendered":"<h1>04: Infraestructura de Redes y Energ\u00eda<\/h1>\n<div>Conectamos empresas con soluciones de redes seguras, \u00e1giles y de alto rendimiento. Desde cableado estructurado hasta redes inal\u00e1mbricas avanzadas, dise\u00f1amos infraestructuras optimizadas para garantizar conectividad estable, velocidad y escalabilidad. Nuestro enfoque asegura una comunicaci\u00f3n fluida y confiable en entornos empresariales..<\/div>\n<ul>\n<li>\n<p>        <img decoding=\"async\" src=\"\/wp-content\/uploads\/2025\/05\/Frame-106.png\" alt=\"Cableado estructurado\"><\/p>\n<h3>Cableado estructurado<\/h3>\n<div>\n<p style=\"text-align: center;\">Dise\u00f1amos infraestructuras de cableado eficientes y escalables que garantizan conectividad confiable, alto rendimiento y preparaci\u00f3n para el futuro digital.<\/p>\n<\/div>\n<\/li>\n<li>\n<p>        <img decoding=\"async\" src=\"\/wp-content\/uploads\/2025\/05\/Frame-113.png\" alt=\"Dise\u00f1o y asesor\u00eda de redes\"><\/p>\n<h3>Dise\u00f1o y asesor\u00eda de redes<\/h3>\n<div>\n<p style=\"text-align: center;\">Optimizamos la infraestructura tecnol\u00f3gica con soluciones de redes personalizadas, seguras y escalables, alineadas con las necesidades de cada empresa.<\/p>\n<\/div>\n<\/li>\n<li>\n<p>        <img decoding=\"async\" src=\"\/wp-content\/uploads\/2025\/05\/Frame-110.png\" alt=\"Networking y Wifi\"><\/p>\n<h3>Networking y Wifi<\/h3>\n<div>\n<p style=\"text-align: center;\">Implementamos redes inal\u00e1mbricas y cableadas de alto rendimiento, asegurando cobertura, estabilidad y velocidad para entornos empresariales exigentes.<\/p>\n<\/div>\n<\/li>\n<li>\n<p>        <img decoding=\"async\" src=\"\/wp-content\/uploads\/2025\/05\/Frame-107.png\" alt=\"Fibra optica\"><\/p>\n<h3>Fibra optica<\/h3>\n<div>\n<p style=\"text-align: center;\">Desplegamos soluciones de fibra \u00f3ptica avanzadas para una conectividad ultrarr\u00e1pida, segura y estable, impulsando la transformaci\u00f3n digital empresarial.<\/p>\n<\/div>\n<\/li>\n<li>\n<p>        <img decoding=\"async\" src=\"\/wp-content\/uploads\/2025\/05\/Frame-98.png\" alt=\"Almacenamiento de energ\u00eda\"><\/p>\n<h3>Energ\u00eda<\/h3>\n<div>\n<p style=\"text-align: center;\">Integramos soluciones energ\u00e9ticas eficientes y sostenibles, garantizando continuidad operativa, optimizaci\u00f3n del consumo y respaldo confiable ante cualquier eventualidad.<\/p>\n<\/div>\n<\/li>\n<li>\n<p>        <img decoding=\"async\" src=\"\/wp-content\/uploads\/2025\/05\/Frame-93.png\" alt=\"\"><\/p>\n<h3>Mantenimiento<\/h3>\n<div>\n<p style=\"text-align: center;\">Aseguramos el \u00f3ptimo funcionamiento de infraestructuras tecnol\u00f3gicas con servicios de monitoreo, mantenimiento preventivo y correctivo, minimizando riesgos y tiempos de inactividad.<\/p>\n<\/div>\n<\/li>\n<\/ul>\n<p><!--more--><br \/>\n<!-- {\"type\":\"layout\",\"children\":[{\"type\":\"section\",\"props\":{\"animation\":\"slide-bottom-small\",\"header_transparent_noplaceholder\":false,\"image\":\"wp-content\\\/uploads\\\/2025\\\/05\\\/Infraestructura-1.png\",\"image_position\":\"top-left\",\"image_size\":\"cover\",\"media_overlay\":\"rgba(0, 0, 0, 0.51)\",\"padding\":\"xlarge\",\"padding_remove_bottom\":true,\"style\":\"default\",\"title_breakpoint\":\"xl\",\"title_position\":\"top-left\",\"title_rotation\":\"left\",\"vertical_align\":\"\",\"width\":\"small\"},\"children\":[{\"type\":\"row\",\"children\":[{\"type\":\"column\",\"props\":{\"image_position\":\"center-center\",\"position_sticky_breakpoint\":\"m\"}}]},{\"type\":\"row\",\"children\":[{\"type\":\"column\",\"props\":{\"image_position\":\"center-center\",\"position_sticky_breakpoint\":\"m\"}}]},{\"type\":\"row\",\"props\":{\"layout\":\"1-2,1-2\"},\"children\":[{\"type\":\"column\",\"props\":{\"image_position\":\"center-center\",\"position_sticky_breakpoint\":\"m\",\"width_medium\":\"1-2\"},\"children\":[{\"type\":\"headline\",\"props\":{\"content\":\"04: Infraestructura de Redes y Energ\\u00eda\",\"title_color\":\"danger\",\"title_element\":\"h1\",\"title_style\":\"heading-small\"}}]},{\"type\":\"column\",\"props\":{\"image_position\":\"center-center\",\"position_sticky_breakpoint\":\"m\",\"width_medium\":\"1-2\"},\"children\":[{\"type\":\"text\",\"props\":{\"column_breakpoint\":\"m\",\"content\":\"Conectamos empresas con soluciones de redes seguras, \\u00e1giles y de alto rendimiento. Desde cableado estructurado hasta redes inal\\u00e1mbricas avanzadas, dise\\u00f1amos infraestructuras optimizadas para garantizar conectividad estable, velocidad y escalabilidad. Nuestro enfoque asegura una comunicaci\\u00f3n fluida y confiable en entornos empresariales..\",\"margin\":\"default\",\"text_align\":\"justify\",\"text_color\":\"danger\"}}]}]},{\"type\":\"row\",\"children\":[{\"type\":\"column\",\"props\":{\"image_position\":\"center-center\",\"position_sticky_breakpoint\":\"m\"}}]}],\"name\":\"Hero\",\"modified\":\"2021-08-06T11:26:41.846Z\"},{\"name\":\"Team\",\"type\":\"section\",\"props\":{\"id\":\"team\",\"image_position\":\"center-center\",\"image_size\":\"cover\",\"media_overlay\":\"#D4EBCF\",\"padding\":\"small\",\"padding_remove_bottom\":false,\"padding_remove_top\":false,\"style\":\"default\",\"title_breakpoint\":\"xl\",\"title_position\":\"top-left\",\"title_rotation\":\"left\",\"vertical_align\":\"\",\"width\":\"small\"},\"children\":[{\"type\":\"row\",\"children\":[{\"type\":\"column\",\"props\":{\"image_position\":\"center-center\",\"position_sticky_breakpoint\":\"m\",\"width_medium\":\"1-1\"},\"children\":[{\"type\":\"grid\",\"props\":{\"content_column_breakpoint\":\"m\",\"content_style\":\"h6\",\"filter_align\":\"left\",\"filter_all\":true,\"filter_grid_breakpoint\":\"m\",\"filter_grid_width\":\"auto\",\"filter_position\":\"top\",\"filter_style\":\"tab\",\"grid_default\":\"1\",\"grid_large\":\"3\",\"grid_medium\":\"2\",\"grid_small\":\"1\",\"grid_xlarge\":\"3\",\"icon_width\":80,\"image_align\":\"top\",\"image_grid_breakpoint\":\"m\",\"image_grid_width\":\"1-2\",\"image_height\":75,\"image_svg_color\":\"emphasis\",\"image_width\":75,\"item_animation\":true,\"lightbox_bg_close\":true,\"link_style\":\"default\",\"link_text\":\"\",\"margin\":\"default\",\"meta_align\":\"below-title\",\"meta_element\":\"div\",\"meta_style\":\"text-meta\",\"panel_padding\":\"small\",\"panel_style\":\"card-primary\",\"show_content\":true,\"show_hover_image\":true,\"show_hover_video\":true,\"show_image\":true,\"show_link\":true,\"show_meta\":true,\"show_title\":true,\"show_video\":true,\"text_align\":\"center\",\"title_align\":\"top\",\"title_element\":\"h3\",\"title_grid_breakpoint\":\"m\",\"title_grid_width\":\"1-2\",\"title_hover_style\":\"reset\"},\"children\":[{\"type\":\"grid_item\",\"props\":{\"content\":\"\n\n<p style=\\\"text-align: center;\\\">Dise\\u00f1amos infraestructuras de cableado eficientes y escalables que garantizan conectividad confiable, alto rendimiento y preparaci\\u00f3n para el futuro digital.<\\\/p>\",\"image\":\"wp-content\\\/uploads\\\/2025\\\/05\\\/Frame-106.png\",\"image_alt\":\"Cableado estructurado\",\"title\":\"Cableado estructurado\"}},{\"type\":\"grid_item\",\"props\":{\"content\":\"\n\n<p style=\\\"text-align: center;\\\">Optimizamos la infraestructura tecnol\\u00f3gica con soluciones de redes personalizadas, seguras y escalables, alineadas con las necesidades de cada empresa.<\\\/p>\",\"image\":\"wp-content\\\/uploads\\\/2025\\\/05\\\/Frame-113.png\",\"image_alt\":\"Dise\\u00f1o y asesor\\u00eda de redes\",\"title\":\"Dise\\u00f1o y asesor\\u00eda de redes\"}},{\"type\":\"grid_item\",\"props\":{\"content\":\"\n\n<p style=\\\"text-align: center;\\\">Implementamos redes inal\\u00e1mbricas y cableadas de alto rendimiento, asegurando cobertura, estabilidad y velocidad para entornos empresariales exigentes.<\\\/p>\",\"image\":\"wp-content\\\/uploads\\\/2025\\\/05\\\/Frame-110.png\",\"image_alt\":\"Networking y Wifi\",\"title\":\"Networking y Wifi\"}},{\"type\":\"grid_item\",\"props\":{\"content\":\"\n\n<p style=\\\"text-align: center;\\\">Desplegamos soluciones de fibra \\u00f3ptica avanzadas para una conectividad ultrarr\\u00e1pida, segura y estable, impulsando la transformaci\\u00f3n digital empresarial.<\\\/p>\",\"image\":\"wp-content\\\/uploads\\\/2025\\\/05\\\/Frame-107.png\",\"image_alt\":\"Fibra optica\",\"title\":\"Fibra optica\"}},{\"type\":\"grid_item\",\"props\":{\"content\":\"\n\n<p style=\\\"text-align: center;\\\">Integramos soluciones energ\\u00e9ticas eficientes y sostenibles, garantizando continuidad operativa, optimizaci\\u00f3n del consumo y respaldo confiable ante cualquier eventualidad.<\\\/p>\",\"image\":\"wp-content\\\/uploads\\\/2025\\\/05\\\/Frame-98.png\",\"image_alt\":\"Almacenamiento de energ\\u00eda\",\"title\":\"Energ\\u00eda\"}},{\"type\":\"grid_item\",\"props\":{\"content\":\"\n\n<p style=\\\"text-align: center;\\\">Aseguramos el \\u00f3ptimo funcionamiento de infraestructuras tecnol\\u00f3gicas con servicios de monitoreo, mantenimiento preventivo y correctivo, minimizando riesgos y tiempos de inactividad.<\\\/p>\",\"image\":\"wp-content\\\/uploads\\\/2025\\\/05\\\/Frame-93.png\",\"title\":\"Mantenimiento\"}}]}]}]}]}],\"version\":\"4.5.15\"} --><\/p>\n","protected":false},"excerpt":{"rendered":"<p>04: Infraestructura de Redes y Energ\u00eda Conectamos empresas con soluciones de redes seguras, \u00e1giles y de alto rendimiento. Desde cableado estructurado hasta redes inal\u00e1mbricas avanzadas, dise\u00f1amos infraestructuras optimizadas para garantizar conectividad estable, velocidad y escalabilidad. Nuestro enfoque asegura una comunicaci\u00f3n fluida y confiable en entornos empresariales.. Cableado estructurado Dise\u00f1amos infraestructuras de cableado eficientes y escalables [&hellip;]<\/p>\n","protected":false},"author":1,"featured_media":0,"parent":0,"menu_order":12,"comment_status":"closed","ping_status":"closed","template":"","meta":{"_acf_changed":false,"footnotes":""},"class_list":["post-3","page","type-page","status-publish","hentry"],"acf":[],"_links":{"self":[{"href":"https:\/\/equipos-integrados.com\/index.php?rest_route=\/wp\/v2\/pages\/3","targetHints":{"allow":["GET"]}}],"collection":[{"href":"https:\/\/equipos-integrados.com\/index.php?rest_route=\/wp\/v2\/pages"}],"about":[{"href":"https:\/\/equipos-integrados.com\/index.php?rest_route=\/wp\/v2\/types\/page"}],"author":[{"embeddable":true,"href":"https:\/\/equipos-integrados.com\/index.php?rest_route=\/wp\/v2\/users\/1"}],"replies":[{"embeddable":true,"href":"https:\/\/equipos-integrados.com\/index.php?rest_route=%2Fwp%2Fv2%2Fcomments&post=3"}],"version-history":[{"count":35,"href":"https:\/\/equipos-integrados.com\/index.php?rest_route=\/wp\/v2\/pages\/3\/revisions"}],"predecessor-version":[{"id":3051,"href":"https:\/\/equipos-integrados.com\/index.php?rest_route=\/wp\/v2\/pages\/3\/revisions\/3051"}],"wp:attachment":[{"href":"https:\/\/equipos-integrados.com\/index.php?rest_route=%2Fwp%2Fv2%2Fmedia&parent=3"}],"curies":[{"name":"wp","href":"https:\/\/api.w.org\/{rel}","templated":true}]}}