{"id":4,"date":"2019-09-05T08:43:54","date_gmt":"2019-09-05T08:43:54","guid":{"rendered":"https:\/\/equipos-integrados.com\/?page_id=4"},"modified":"2025-05-28T19:05:12","modified_gmt":"2025-05-28T19:05:12","slug":"about","status":"publish","type":"page","link":"https:\/\/equipos-integrados.com\/?page_id=4","title":{"rendered":"Sobre Nosotros Equipos Integrados"},"content":{"rendered":"<h1>Equipos Integrados<\/h1>\n<div>Transforma el presente y el futuro con soluciones tecnol\u00f3gicas innovadoras que impulsan el crecimiento de nuestros clientes. A trav\u00e9s de un equipo altamente capacitado y apasionado por la excelencia, conectamos la tecnolog\u00eda con las necesidades del mundo, redefiniendo la manera en que avanzamos en la era digital.<\/div>\n<p><p>\n        <a href=\"\/?page_id=21\">\u00a1Quiero que trabajemos juntos!<\/a>\n    <\/p>\n<\/p>\n<ul>\n<li>\n<p>        <img decoding=\"async\" src=\"\/wp-content\/uploads\/2025\/05\/mision-equipos.png\" alt=\"\"><\/p>\n<h3>mision-equipos<\/h3>\n<\/li>\n<li>\n<p>        <img decoding=\"async\" src=\"\/wp-content\/uploads\/2025\/05\/vision-equipos.png\" alt=\"\"><\/p>\n<h3>vision-equipos<\/h3>\n<\/li>\n<\/ul>\n<div>\n<p>        <img decoding=\"async\" src=\"\/wp-content\/uploads\/2025\/05\/icono-quienes-somos.png\" alt=\"\"><\/p>\n<h3>Desde que abrimos nuestras puertas en 1993\u2026<\/h3>\n<\/div>\n<div>\n<p>hemos evolucionado para convertirnos en un referente en infraestructura tecnol\u00f3gica, seguridad electr\u00f3nica y Data Centers en Guatemala. <strong>Con 32 a\u00f1os de experiencia, nos hemos dedicado a transformar el panorama tecnol\u00f3gico del pa\u00eds, ofreciendo soluciones innovadoras que impulsan el crecimiento de las empresas.<\/strong> Hoy, seguimos avanzando con un equipo comprometido, alianzas estrat\u00e9gicas y la misi\u00f3n de construir un futuro m\u00e1s conectado, seguro y eficiente.<\/p>\n<\/div>\n<p><img decoding=\"async\" src=\"\/wp-content\/uploads\/2025\/05\/foto-Sobre-nosotros.png\" alt=\"\"><\/p>\n<p><!--more--><br \/>\n<!-- {\"type\":\"layout\",\"children\":[{\"type\":\"section\",\"props\":{\"animation\":\"slide-bottom-small\",\"header_transparent_noplaceholder\":false,\"image\":\"wp-content\\\/uploads\\\/2025\\\/05\\\/Diseno-sin-titulo-2021-05-11T165120.480-2.png\",\"image_position\":\"center-center\",\"image_size\":\"cover\",\"media_overlay\":\"rgba(0, 0, 0, 0.51)\",\"padding\":\"large\",\"padding_remove_bottom\":true,\"style\":\"default\",\"title_breakpoint\":\"xl\",\"title_position\":\"top-left\",\"title_rotation\":\"left\",\"vertical_align\":\"\",\"width\":\"small\"},\"children\":[{\"type\":\"row\",\"children\":[{\"type\":\"column\",\"props\":{\"image_position\":\"center-center\",\"position_sticky_breakpoint\":\"m\"},\"children\":[{\"type\":\"headline\",\"props\":{\"content\":\"Equipos Integrados\",\"margin\":\"medium\",\"text_align\":\"center\",\"title_color\":\"danger\",\"title_element\":\"h1\",\"title_font_family\":\"primary\",\"title_style\":\"heading-medium\"}},{\"type\":\"text\",\"props\":{\"block_align\":\"center\",\"column_breakpoint\":\"m\",\"content\":\"Transforma el presente y el futuro con soluciones tecnol\\u00f3gicas innovadoras que impulsan el crecimiento de nuestros clientes. A trav\\u00e9s de un equipo altamente capacitado y apasionado por la excelencia, conectamos la tecnolog\\u00eda con las necesidades del mundo, redefiniendo la manera en que avanzamos en la era digital.\",\"margin\":\"\",\"maxwidth\":\"2xlarge\",\"text_align\":\"justify\",\"text_color\":\"danger\",\"text_style\":\"large\"}},{\"type\":\"button\",\"props\":{\"grid_column_gap\":\"small\",\"grid_row_gap\":\"small\",\"margin\":\"default\",\"text_align\":\"center\"},\"children\":[{\"type\":\"button_item\",\"props\":{\"button_style\":\"primary\",\"content\":\"\\u00a1Quiero que trabajemos juntos!\",\"dialog_layout\":\"modal\",\"dialog_offcanvas_flip\":true,\"icon_align\":\"left\",\"link\":\"?page_id=21\",\"link_title\":\"\\u00a1Quiero que trabajemos juntos!\"}}]}]}]},{\"type\":\"row\",\"children\":[{\"type\":\"column\",\"props\":{\"image_position\":\"center-center\",\"position_sticky_breakpoint\":\"m\"}}]},{\"type\":\"row\",\"children\":[{\"type\":\"column\",\"props\":{\"image_position\":\"center-center\",\"position_sticky_breakpoint\":\"m\"}}]}],\"name\":\"Hero\",\"modified\":\"2021-08-06T11:26:41.846Z\"},{\"name\":\"Team\",\"type\":\"section\",\"props\":{\"id\":\"team\",\"image\":\"wp-content\\\/uploads\\\/2025\\\/05\\\/Diseno-sin-titulo-2021-05-11T165120.480-2.png\",\"image_position\":\"center-center\",\"image_size\":\"cover\",\"media_overlay\":\"#D4EBCF\",\"padding\":\"small\",\"padding_remove_bottom\":false,\"padding_remove_top\":false,\"style\":\"default\",\"title_breakpoint\":\"xl\",\"title_position\":\"top-left\",\"title_rotation\":\"left\",\"vertical_align\":\"\",\"width\":\"small\"},\"children\":[{\"type\":\"row\",\"children\":[{\"type\":\"column\",\"props\":{\"image_position\":\"center-center\",\"position_sticky_breakpoint\":\"m\",\"width_medium\":\"1-1\"},\"children\":[{\"type\":\"grid\",\"props\":{\"content_column_breakpoint\":\"m\",\"filter_align\":\"left\",\"filter_all\":true,\"filter_grid_breakpoint\":\"m\",\"filter_grid_width\":\"auto\",\"filter_position\":\"top\",\"filter_style\":\"tab\",\"grid_default\":\"1\",\"grid_large\":\"2\",\"grid_medium\":\"2\",\"grid_small\":\"1\",\"grid_xlarge\":\"2\",\"icon_width\":80,\"image_align\":\"top\",\"image_grid_breakpoint\":\"m\",\"image_grid_width\":\"1-2\",\"image_svg_color\":\"emphasis\",\"item_animation\":true,\"lightbox_bg_close\":true,\"link_style\":\"default\",\"link_text\":\"\",\"margin\":\"default\",\"meta_align\":\"below-title\",\"meta_element\":\"div\",\"meta_style\":\"text-meta\",\"show_content\":false,\"show_hover_image\":true,\"show_hover_video\":true,\"show_image\":true,\"show_link\":true,\"show_meta\":false,\"show_title\":false,\"show_video\":true,\"text_align\":\"center\",\"title_align\":\"top\",\"title_element\":\"h3\",\"title_grid_breakpoint\":\"m\",\"title_grid_width\":\"1-2\",\"title_hover_style\":\"reset\"},\"children\":[{\"type\":\"grid_item\",\"props\":{\"image\":\"wp-content\\\/uploads\\\/2025\\\/05\\\/mision-equipos.png\",\"title\":\"mision-equipos\"}},{\"type\":\"grid_item\",\"props\":{\"image\":\"wp-content\\\/uploads\\\/2025\\\/05\\\/vision-equipos.png\",\"title\":\"vision-equipos\"}}]}]}]}]},{\"type\":\"section\",\"props\":{\"image_position\":\"center-center\",\"style\":\"default\",\"title_breakpoint\":\"xl\",\"title_position\":\"top-left\",\"title_rotation\":\"left\",\"vertical_align\":\"middle\",\"width\":\"small\"},\"children\":[{\"type\":\"row\",\"props\":{\"layout\":\"1-2,1-2\"},\"children\":[{\"type\":\"column\",\"props\":{\"image_position\":\"center-center\",\"position_sticky_breakpoint\":\"m\",\"vertical_align\":\"middle\",\"width_medium\":\"1-2\"},\"children\":[{\"type\":\"panel\",\"props\":{\"content_column_breakpoint\":\"m\",\"icon_width\":80,\"image\":\"wp-content\\\/uploads\\\/2025\\\/05\\\/icono-quienes-somos.png\",\"image_align\":\"left\",\"image_grid_breakpoint\":\"m\",\"image_grid_width\":\"1-4\",\"image_height\":100,\"image_svg_color\":\"emphasis\",\"image_width\":100,\"link_style\":\"default\",\"link_text\":\"Read more\",\"margin\":\"default\",\"meta_align\":\"below-title\",\"meta_element\":\"div\",\"meta_style\":\"text-meta\",\"title\":\"Desde que abrimos nuestras puertas en 1993\\u2026\",\"title_align\":\"top\",\"title_color\":\"secondary\",\"title_element\":\"h3\",\"title_font_family\":\"primary\",\"title_grid_breakpoint\":\"m\",\"title_grid_width\":\"1-2\",\"title_hover_style\":\"reset\",\"title_style\":\"h2\"}},{\"type\":\"text\",\"props\":{\"column_breakpoint\":\"m\",\"content\":\"\n\n<p>hemos evolucionado para convertirnos en un referente en infraestructura tecnol\\u00f3gica, seguridad electr\\u00f3nica y Data Centers en Guatemala. <strong>Con 32 a\\u00f1os de experiencia, nos hemos dedicado a transformar el panorama tecnol\\u00f3gico del pa\\u00eds, ofreciendo soluciones innovadoras que impulsan el crecimiento de las empresas.<\\\/strong> Hoy, seguimos avanzando con un equipo comprometido, alianzas estrat\\u00e9gicas y la misi\\u00f3n de construir un futuro m\\u00e1s conectado, seguro y eficiente.<\\\/p>\",\"margin\":\"default\",\"text_align\":\"justify\",\"text_style\":\"large\"}}]},{\"type\":\"column\",\"props\":{\"image_position\":\"center-center\",\"position_sticky_breakpoint\":\"m\",\"width_medium\":\"1-2\"},\"children\":[{\"type\":\"image\",\"props\":{\"image\":\"wp-content\\\/uploads\\\/2025\\\/05\\\/foto-Sobre-nosotros.png\",\"image_svg_color\":\"emphasis\",\"margin\":\"default\",\"text_align\":\"center\"}}]}]}]}],\"version\":\"4.5.15\"} --><\/p>\n","protected":false},"excerpt":{"rendered":"<p>Equipos Integrados Transforma el presente y el futuro con soluciones tecnol\u00f3gicas innovadoras que impulsan el crecimiento de nuestros clientes. A trav\u00e9s de un equipo altamente capacitado y apasionado por la excelencia, conectamos la tecnolog\u00eda con las necesidades del mundo, redefiniendo la manera en que avanzamos en la era digital. \u00a1Quiero que trabajemos juntos! mision-equipos vision-equipos [&hellip;]<\/p>\n","protected":false},"author":1,"featured_media":0,"parent":0,"menu_order":13,"comment_status":"closed","ping_status":"closed","template":"","meta":{"_acf_changed":false,"footnotes":""},"class_list":["post-4","page","type-page","status-publish","hentry"],"acf":[],"_links":{"self":[{"href":"https:\/\/equipos-integrados.com\/index.php?rest_route=\/wp\/v2\/pages\/4","targetHints":{"allow":["GET"]}}],"collection":[{"href":"https:\/\/equipos-integrados.com\/index.php?rest_route=\/wp\/v2\/pages"}],"about":[{"href":"https:\/\/equipos-integrados.com\/index.php?rest_route=\/wp\/v2\/types\/page"}],"author":[{"embeddable":true,"href":"https:\/\/equipos-integrados.com\/index.php?rest_route=\/wp\/v2\/users\/1"}],"replies":[{"embeddable":true,"href":"https:\/\/equipos-integrados.com\/index.php?rest_route=%2Fwp%2Fv2%2Fcomments&post=4"}],"version-history":[{"count":51,"href":"https:\/\/equipos-integrados.com\/index.php?rest_route=\/wp\/v2\/pages\/4\/revisions"}],"predecessor-version":[{"id":2939,"href":"https:\/\/equipos-integrados.com\/index.php?rest_route=\/wp\/v2\/pages\/4\/revisions\/2939"}],"wp:attachment":[{"href":"https:\/\/equipos-integrados.com\/index.php?rest_route=%2Fwp%2Fv2%2Fmedia&parent=4"}],"curies":[{"name":"wp","href":"https:\/\/api.w.org\/{rel}","templated":true}]}}